{"id":11897,"date":"2025-10-09T10:34:39","date_gmt":"2025-10-09T10:34:39","guid":{"rendered":"https:\/\/pottopottery.com\/?post_type=product&#038;p=11897"},"modified":"2025-10-09T11:33:20","modified_gmt":"2025-10-09T11:33:20","slug":"jarron-artesanal-22-noviembre-zarautz","status":"publish","type":"product","link":"https:\/\/pottopottery.com\/en\/tienda-de-ceramica\/jarron-artesanal-22-noviembre-zarautz\/","title":{"rendered":"Jarr\u00f3n artesanal<br>22 Noviembre | Zarautz"},"content":{"rendered":"<div><strong>Creaci\u00f3n de un jarr\u00f3n artesanal, a trav\u00e9s de la t\u00e9cnica de los churros.<\/strong><\/div>\n<div>Aprender\u00e1s a crear tu propio jarr\u00f3n de cer\u00e1mica artesanal. El taller se realizar\u00e1 en Zarautz el s\u00e1bado 22 de noviembre 2025.<\/div>\n<div><\/div>\n<div>Con la <a href=\"https:\/\/pottopottery.com\/en\/decorative-ceramics\/ceramic-vases\/vases-modeled-with-clay-coils\/\" target=\"_blank\" rel=\"noopener\">t\u00e9cnica de los churros<\/a> empezamos enrollando tiras de barro o arcilla, similares a &#8220;churros&#8221;. Estos se van superponiendo y modelando para formar la estructura b\u00e1sica del jarr\u00f3n, con la forma y el tama\u00f1o deseados. Debido a la forma en que se enrollan y se apilan los churros de barro, las piezas creadas con esta t\u00e9cnica tienden a tener una textura m\u00e1s org\u00e1nica. Las irregularidades en la forma y la textura pueden a\u00f1adir un encanto caracter\u00edstico y una sensaci\u00f3n de autenticidad.\u00a0Debido a la flexibilidad del barro en esta t\u00e9cnica, es posible crear dise\u00f1os m\u00e1s complejos y org\u00e1nicos.<\/div>\n<div><\/div>\n<div>Esta t\u00e9cnica nos sumerge en un estado meditativo, en donde la concentraci\u00f3n se vuelve inherente al proceso, gracias al gesto repetitivo de unir el barro del churro superior con la capa inferior, lo que mantiene nuestra mente centrada y nos permite disfrutar plenamente del proceso creativo. Es una excelente manera de dedicar un tiempo a la creaci\u00f3n art\u00edstica.<\/div>\n<div><\/div>\n<div>Posteriormente nos encargaremos de hornearlas para dejarlas acabadas. En aproximadamente dos o tres semanas te avisaremos para que vengas a buscar tu obra.<\/div>\n","protected":false},"excerpt":{"rendered":"<div>\n<div><strong>Creaci\u00f3n de un jarr\u00f3n artesanal, a trav\u00e9s de la t\u00e9cnica de los churros.<\/strong><\/div>\n<div>Aprender\u00e1s a crear tu propio jarr\u00f3n de cer\u00e1mica artesanal. M\u00e1s abajo encontrar\u00e1s una descripci\u00f3n m\u00e1s completa sobre este taller.<br \/>\nFecha: S\u00e1bado 22 Noviembre\u00a0 |\u00a0 09:00 &#8211; 13:30\u00a0 |\u00a0 Zarautz<\/div>\n<div><\/div>\n<\/div>\n<div><\/div>\n","protected":false},"featured_media":11494,"template":"","meta":{"_et_pb_use_builder":"","_et_pb_old_content":"","_et_gb_content_width":""},"product_brand":[],"product_cat":[116],"product_tag":[],"class_list":{"0":"post-11897","1":"product","2":"type-product","3":"status-publish","4":"has-post-thumbnail","6":"product_cat-no-category","8":"first","9":"instock","10":"virtual","11":"taxable","12":"purchasable","13":"product-type-simple"},"yoast_head":"<!-- This site is optimized with the Yoast SEO plugin v27.3 - https:\/\/yoast.com\/product\/yoast-seo-wordpress\/ -->\n<title>Jarr\u00f3n artesanal22 Noviembre | Zarautz &#8212; Potto Pottery<\/title>\n<meta name=\"robots\" content=\"index, follow, max-snippet:-1, max-image-preview:large, max-video-preview:-1\" \/>\n<link rel=\"canonical\" href=\"https:\/\/pottopottery.com\/tienda-de-ceramica\/jarron-artesanal-22-noviembre-zarautz\/\" \/>\n<meta property=\"og:locale\" content=\"en_US\" \/>\n<meta property=\"og:type\" content=\"article\" \/>\n<meta property=\"og:title\" content=\"Jarr\u00f3n artesanal22 Noviembre | Zarautz &#8212; Potto Pottery\" \/>\n<meta property=\"og:description\" content=\"Creaci\u00f3n de un jarr\u00f3n artesanal, a trav\u00e9s de la t\u00e9cnica de los churros. Aprender\u00e1s a crear tu propio jarr\u00f3n de cer\u00e1mica artesanal. M\u00e1s abajo encontrar\u00e1s una descripci\u00f3n m\u00e1s completa sobre este taller. Fecha: S\u00e1bado 22 Noviembre\u00a0 |\u00a0 09:00 - 13:30\u00a0 |\u00a0 Zarautz\" \/>\n<meta property=\"og:url\" content=\"https:\/\/pottopottery.com\/tienda-de-ceramica\/jarron-artesanal-22-noviembre-zarautz\/\" \/>\n<meta property=\"og:site_name\" content=\"Potto Pottery\" \/>\n<meta property=\"article:publisher\" content=\"https:\/\/www.facebook.com\/potto.pottery\" \/>\n<meta property=\"article:modified_time\" content=\"2025-10-09T11:33:20+00:00\" \/>\n<meta property=\"og:image\" content=\"https:\/\/pottopottery.com\/wp-content\/uploads\/2024\/03\/taller-de-creacion-de-jarrones-artesanales-t.jpeg\" \/>\n\t<meta property=\"og:image:width\" content=\"1240\" \/>\n\t<meta property=\"og:image:height\" content=\"1240\" \/>\n\t<meta property=\"og:image:type\" content=\"image\/jpeg\" \/>\n<meta name=\"twitter:card\" content=\"summary_large_image\" \/>\n<meta name=\"twitter:label1\" content=\"Est. reading time\" \/>\n\t<meta name=\"twitter:data1\" content=\"1 minute\" \/>\n<script type=\"application\/ld+json\" class=\"yoast-schema-graph\">{\"@context\":\"https:\\\/\\\/schema.org\",\"@graph\":[{\"@type\":\"WebPage\",\"@id\":\"https:\\\/\\\/pottopottery.com\\\/tienda-de-ceramica\\\/jarron-artesanal-22-noviembre-zarautz\\\/\",\"url\":\"https:\\\/\\\/pottopottery.com\\\/tienda-de-ceramica\\\/jarron-artesanal-22-noviembre-zarautz\\\/\",\"name\":\"Jarr\u00f3n artesanal 22 Noviembre | Zarautz &#8212; Potto Pottery\",\"isPartOf\":{\"@id\":\"https:\\\/\\\/pottopottery.com\\\/#website\"},\"primaryImageOfPage\":{\"@id\":\"https:\\\/\\\/pottopottery.com\\\/tienda-de-ceramica\\\/jarron-artesanal-22-noviembre-zarautz\\\/#primaryimage\"},\"image\":{\"@id\":\"https:\\\/\\\/pottopottery.com\\\/tienda-de-ceramica\\\/jarron-artesanal-22-noviembre-zarautz\\\/#primaryimage\"},\"thumbnailUrl\":\"https:\\\/\\\/pottopottery.com\\\/wp-content\\\/uploads\\\/2024\\\/03\\\/taller-de-creacion-de-jarrones-artesanales-t.jpeg\",\"datePublished\":\"2025-10-09T10:34:39+00:00\",\"dateModified\":\"2025-10-09T11:33:20+00:00\",\"breadcrumb\":{\"@id\":\"https:\\\/\\\/pottopottery.com\\\/tienda-de-ceramica\\\/jarron-artesanal-22-noviembre-zarautz\\\/#breadcrumb\"},\"inLanguage\":\"en-US\",\"potentialAction\":[{\"@type\":\"ReadAction\",\"target\":[\"https:\\\/\\\/pottopottery.com\\\/tienda-de-ceramica\\\/jarron-artesanal-22-noviembre-zarautz\\\/\"]}]},{\"@type\":\"ImageObject\",\"inLanguage\":\"en-US\",\"@id\":\"https:\\\/\\\/pottopottery.com\\\/tienda-de-ceramica\\\/jarron-artesanal-22-noviembre-zarautz\\\/#primaryimage\",\"url\":\"https:\\\/\\\/pottopottery.com\\\/wp-content\\\/uploads\\\/2024\\\/03\\\/taller-de-creacion-de-jarrones-artesanales-t.jpeg\",\"contentUrl\":\"https:\\\/\\\/pottopottery.com\\\/wp-content\\\/uploads\\\/2024\\\/03\\\/taller-de-creacion-de-jarrones-artesanales-t.jpeg\",\"width\":1240,\"height\":1240,\"caption\":\"Crea y decora tu propio jarr\u00f3n de cer\u00e1mica\"},{\"@type\":\"BreadcrumbList\",\"@id\":\"https:\\\/\\\/pottopottery.com\\\/tienda-de-ceramica\\\/jarron-artesanal-22-noviembre-zarautz\\\/#breadcrumb\",\"itemListElement\":[{\"@type\":\"ListItem\",\"position\":1,\"name\":\"Portada\",\"item\":\"https:\\\/\\\/pottopottery.com\\\/en\\\/\"},{\"@type\":\"ListItem\",\"position\":2,\"name\":\"Shop\",\"item\":\"https:\\\/\\\/pottopottery.com\\\/en\\\/ceramic-shop\\\/\"},{\"@type\":\"ListItem\",\"position\":3,\"name\":\"Jarr\u00f3n artesanal22 Noviembre | Zarautz\"}]},{\"@type\":\"WebSite\",\"@id\":\"https:\\\/\\\/pottopottery.com\\\/#website\",\"url\":\"https:\\\/\\\/pottopottery.com\\\/\",\"name\":\"Potto Pottery\",\"description\":\"Handmade, functional and decorative ceramics\",\"publisher\":{\"@id\":\"https:\\\/\\\/pottopottery.com\\\/#organization\"},\"potentialAction\":[{\"@type\":\"SearchAction\",\"target\":{\"@type\":\"EntryPoint\",\"urlTemplate\":\"https:\\\/\\\/pottopottery.com\\\/?s={search_term_string}\"},\"query-input\":{\"@type\":\"PropertyValueSpecification\",\"valueRequired\":true,\"valueName\":\"search_term_string\"}}],\"inLanguage\":\"en-US\"},{\"@type\":\"Organization\",\"@id\":\"https:\\\/\\\/pottopottery.com\\\/#organization\",\"name\":\"Potto Pottery\",\"url\":\"https:\\\/\\\/pottopottery.com\\\/\",\"logo\":{\"@type\":\"ImageObject\",\"inLanguage\":\"en-US\",\"@id\":\"https:\\\/\\\/pottopottery.com\\\/#\\\/schema\\\/logo\\\/image\\\/\",\"url\":\"http:\\\/\\\/pottopottery.com\\\/wp-content\\\/uploads\\\/2018\\\/11\\\/potto_pottery_handmade-ceramics_basque_country.png\",\"contentUrl\":\"http:\\\/\\\/pottopottery.com\\\/wp-content\\\/uploads\\\/2018\\\/11\\\/potto_pottery_handmade-ceramics_basque_country.png\",\"width\":300,\"height\":300,\"caption\":\"Potto Pottery\"},\"image\":{\"@id\":\"https:\\\/\\\/pottopottery.com\\\/#\\\/schema\\\/logo\\\/image\\\/\"},\"sameAs\":[\"https:\\\/\\\/www.facebook.com\\\/potto.pottery\",\"https:\\\/\\\/www.instagram.com\\\/potto.pottery\\\/\"]}]}<\/script>\n<!-- \/ Yoast SEO plugin. -->","yoast_head_json":{"title":"Jarr\u00f3n artesanal22 Noviembre | Zarautz &#8212; Potto Pottery","robots":{"index":"index","follow":"follow","max-snippet":"max-snippet:-1","max-image-preview":"max-image-preview:large","max-video-preview":"max-video-preview:-1"},"canonical":"https:\/\/pottopottery.com\/tienda-de-ceramica\/jarron-artesanal-22-noviembre-zarautz\/","og_locale":"en_US","og_type":"article","og_title":"Jarr\u00f3n artesanal22 Noviembre | Zarautz &#8212; Potto Pottery","og_description":"Creaci\u00f3n de un jarr\u00f3n artesanal, a trav\u00e9s de la t\u00e9cnica de los churros. Aprender\u00e1s a crear tu propio jarr\u00f3n de cer\u00e1mica artesanal. M\u00e1s abajo encontrar\u00e1s una descripci\u00f3n m\u00e1s completa sobre este taller. Fecha: S\u00e1bado 22 Noviembre\u00a0 |\u00a0 09:00 - 13:30\u00a0 |\u00a0 Zarautz","og_url":"https:\/\/pottopottery.com\/tienda-de-ceramica\/jarron-artesanal-22-noviembre-zarautz\/","og_site_name":"Potto Pottery","article_publisher":"https:\/\/www.facebook.com\/potto.pottery","article_modified_time":"2025-10-09T11:33:20+00:00","og_image":[{"width":1240,"height":1240,"url":"https:\/\/pottopottery.com\/wp-content\/uploads\/2024\/03\/taller-de-creacion-de-jarrones-artesanales-t.jpeg","type":"image\/jpeg"}],"twitter_card":"summary_large_image","twitter_misc":{"Est. reading time":"1 minute"},"schema":{"@context":"https:\/\/schema.org","@graph":[{"@type":"WebPage","@id":"https:\/\/pottopottery.com\/tienda-de-ceramica\/jarron-artesanal-22-noviembre-zarautz\/","url":"https:\/\/pottopottery.com\/tienda-de-ceramica\/jarron-artesanal-22-noviembre-zarautz\/","name":"Jarr\u00f3n artesanal 22 Noviembre | Zarautz &#8212; Potto Pottery","isPartOf":{"@id":"https:\/\/pottopottery.com\/#website"},"primaryImageOfPage":{"@id":"https:\/\/pottopottery.com\/tienda-de-ceramica\/jarron-artesanal-22-noviembre-zarautz\/#primaryimage"},"image":{"@id":"https:\/\/pottopottery.com\/tienda-de-ceramica\/jarron-artesanal-22-noviembre-zarautz\/#primaryimage"},"thumbnailUrl":"https:\/\/pottopottery.com\/wp-content\/uploads\/2024\/03\/taller-de-creacion-de-jarrones-artesanales-t.jpeg","datePublished":"2025-10-09T10:34:39+00:00","dateModified":"2025-10-09T11:33:20+00:00","breadcrumb":{"@id":"https:\/\/pottopottery.com\/tienda-de-ceramica\/jarron-artesanal-22-noviembre-zarautz\/#breadcrumb"},"inLanguage":"en-US","potentialAction":[{"@type":"ReadAction","target":["https:\/\/pottopottery.com\/tienda-de-ceramica\/jarron-artesanal-22-noviembre-zarautz\/"]}]},{"@type":"ImageObject","inLanguage":"en-US","@id":"https:\/\/pottopottery.com\/tienda-de-ceramica\/jarron-artesanal-22-noviembre-zarautz\/#primaryimage","url":"https:\/\/pottopottery.com\/wp-content\/uploads\/2024\/03\/taller-de-creacion-de-jarrones-artesanales-t.jpeg","contentUrl":"https:\/\/pottopottery.com\/wp-content\/uploads\/2024\/03\/taller-de-creacion-de-jarrones-artesanales-t.jpeg","width":1240,"height":1240,"caption":"Crea y decora tu propio jarr\u00f3n de cer\u00e1mica"},{"@type":"BreadcrumbList","@id":"https:\/\/pottopottery.com\/tienda-de-ceramica\/jarron-artesanal-22-noviembre-zarautz\/#breadcrumb","itemListElement":[{"@type":"ListItem","position":1,"name":"Portada","item":"https:\/\/pottopottery.com\/en\/"},{"@type":"ListItem","position":2,"name":"Shop","item":"https:\/\/pottopottery.com\/en\/ceramic-shop\/"},{"@type":"ListItem","position":3,"name":"Jarr\u00f3n artesanal22 Noviembre | Zarautz"}]},{"@type":"WebSite","@id":"https:\/\/pottopottery.com\/#website","url":"https:\/\/pottopottery.com\/","name":"Potto Pottery","description":"Handmade, functional and decorative ceramics","publisher":{"@id":"https:\/\/pottopottery.com\/#organization"},"potentialAction":[{"@type":"SearchAction","target":{"@type":"EntryPoint","urlTemplate":"https:\/\/pottopottery.com\/?s={search_term_string}"},"query-input":{"@type":"PropertyValueSpecification","valueRequired":true,"valueName":"search_term_string"}}],"inLanguage":"en-US"},{"@type":"Organization","@id":"https:\/\/pottopottery.com\/#organization","name":"Potto Pottery","url":"https:\/\/pottopottery.com\/","logo":{"@type":"ImageObject","inLanguage":"en-US","@id":"https:\/\/pottopottery.com\/#\/schema\/logo\/image\/","url":"http:\/\/pottopottery.com\/wp-content\/uploads\/2018\/11\/potto_pottery_handmade-ceramics_basque_country.png","contentUrl":"http:\/\/pottopottery.com\/wp-content\/uploads\/2018\/11\/potto_pottery_handmade-ceramics_basque_country.png","width":300,"height":300,"caption":"Potto Pottery"},"image":{"@id":"https:\/\/pottopottery.com\/#\/schema\/logo\/image\/"},"sameAs":["https:\/\/www.facebook.com\/potto.pottery","https:\/\/www.instagram.com\/potto.pottery\/"]}]}},"_links":{"self":[{"href":"https:\/\/pottopottery.com\/en\/wp-json\/wp\/v2\/product\/11897","targetHints":{"allow":["GET"]}}],"collection":[{"href":"https:\/\/pottopottery.com\/en\/wp-json\/wp\/v2\/product"}],"about":[{"href":"https:\/\/pottopottery.com\/en\/wp-json\/wp\/v2\/types\/product"}],"wp:featuredmedia":[{"embeddable":true,"href":"https:\/\/pottopottery.com\/en\/wp-json\/wp\/v2\/media\/11494"}],"wp:attachment":[{"href":"https:\/\/pottopottery.com\/en\/wp-json\/wp\/v2\/media?parent=11897"}],"wp:term":[{"taxonomy":"product_brand","embeddable":true,"href":"https:\/\/pottopottery.com\/en\/wp-json\/wp\/v2\/product_brand?post=11897"},{"taxonomy":"product_cat","embeddable":true,"href":"https:\/\/pottopottery.com\/en\/wp-json\/wp\/v2\/product_cat?post=11897"},{"taxonomy":"product_tag","embeddable":true,"href":"https:\/\/pottopottery.com\/en\/wp-json\/wp\/v2\/product_tag?post=11897"}],"curies":[{"name":"wp","href":"https:\/\/api.w.org\/{rel}","templated":true}]}}