{"id":11515,"date":"2024-04-03T08:30:10","date_gmt":"2024-03-19T10:19:47","guid":{"rendered":"http:\/\/pottopottery.com\/tienda-de-ceramica\/breakfast-kit-march-16th\/"},"modified":"2024-03-19T12:15:16","modified_gmt":"2024-03-19T12:15:16","slug":"breakfast-kit-march-16th","status":"publish","type":"product","link":"https:\/\/pottopottery.com\/en\/tienda-de-ceramica\/breakfast-kit-march-16th\/","title":{"rendered":"Breakfast Kit | June 22nd"},"content":{"rendered":"<p><strong>Create your breakfast set.<\/strong><br \/>\nAna Larsson (<a href=\"https:\/\/www.larssontextildesign.com\/\" target=\"_blank\" rel=\"noopener\">Larsson Textil Design<\/a>) invites us to her Gros studio to create with ceramics. We will hold a workshop where you will learn to make your own breakfast kit consisting of a mug, a small bowl, and a spoon.<\/p>\n<p>We will primarily use the slab technique. Once the pieces are made, you&#8217;ll be able to decorate them with colored slips. Subsequently, we will take care of glazing them with a transparent glaze and firing them so you can use them. In approximately two weeks, we will notify you to come and pick up your pieces!<\/p>\n","protected":false},"excerpt":{"rendered":"<div>\n<div><strong>Create your breakfast set.<\/strong><br \/>\nAna Larsson (<a href=\"https:\/\/www.larssontextildesign.com\/\" target=\"_blank\" rel=\"noopener\">Larsson Textil Design<\/a>) invites us to her Gros studio to create with ceramics. We will hold a workshop where you will learn to make your own breakfast kit consisting of a mug, a small bowl, and a spoon.<\/div>\n<div>Date: June 22nd | 10:00 &#8211; 13:30<\/div>\n<div><\/div>\n<\/div>\n<div><\/div>\n","protected":false},"featured_media":11501,"template":"","meta":{"_et_pb_use_builder":"on","_et_pb_old_content":"<strong>Crea tus piezas con la t\u00e9cnica de las placas.<\/strong>\r\nAna Larsson (<a href=\"https:\/\/www.larssontextildesign.com\/\" target=\"_blank\" rel=\"noopener\">Larsson Textil Design<\/a>) nos invita a su estudio de Gros para crear con la cer\u00e1mica. Haremos un taller en el que aprender\u00e1s a realizar piezas con la t\u00e9cnica de las placas, como por ejemplo una taza, un cuenco peque\u00f1o y una cucharita.\r\n\r\nUna vez hechas las piezas, podr\u00e1s decorarlas con engobes de colores. Posteriormente nosotras nos encargaremos de darles un vidriado transparente y hornearlas para que las puedas utilizar. En aproximadamente dos semanas te avisaremos para que vengas a buscar tus piezas!\r\n\r\nVer en este enlace un v\u00eddeo resumen sobre nuestro <a href=\"https:\/\/youtube.com\/shorts\/5plSN1tp_P8?feature=share\" target=\"_blank\" rel=\"noopener\">Taller Kit Desayuno<\/a>","_et_gb_content_width":""},"product_brand":[],"product_cat":[116],"product_tag":[],"class_list":{"0":"post-11515","1":"product","2":"type-product","3":"status-publish","4":"has-post-thumbnail","6":"product_cat-no-category","8":"first","9":"outofstock","10":"virtual","11":"taxable","12":"purchasable","13":"product-type-simple"},"yoast_head":"<!-- This site is optimized with the Yoast SEO plugin v27.3 - https:\/\/yoast.com\/product\/yoast-seo-wordpress\/ -->\n<title>Breakfast Kit | June 22nd &#8212; Potto Pottery<\/title>\n<meta name=\"robots\" content=\"index, follow, max-snippet:-1, max-image-preview:large, max-video-preview:-1\" \/>\n<link rel=\"canonical\" href=\"https:\/\/pottopottery.com\/tienda-de-ceramica\/kit-desayuno-1\/\" \/>\n<meta property=\"og:locale\" content=\"en_US\" \/>\n<meta property=\"og:type\" content=\"article\" \/>\n<meta property=\"og:title\" content=\"Breakfast Kit | June 22nd &#8212; Potto Pottery\" \/>\n<meta property=\"og:description\" content=\"Create your breakfast set. Ana Larsson (Larsson Textil Design) invites us to her Gros studio to create with ceramics. We will hold a workshop where you will learn to make your own breakfast kit consisting of a mug, a small bowl, and a spoon. Date: June 22nd | 10:00 - 13:30\" \/>\n<meta property=\"og:url\" content=\"https:\/\/pottopottery.com\/tienda-de-ceramica\/kit-desayuno-1\/\" \/>\n<meta property=\"og:site_name\" content=\"Potto Pottery\" \/>\n<meta property=\"article:publisher\" content=\"https:\/\/www.facebook.com\/potto.pottery\" \/>\n<meta property=\"article:modified_time\" content=\"2024-03-19T12:15:16+00:00\" \/>\n<meta property=\"og:image\" content=\"https:\/\/pottopottery.com\/wp-content\/uploads\/2024\/03\/taller-de-creacion-de-una-taza-un-cuenco-y-una-cucharita-de-ceramica.jpeg\" \/>\n\t<meta property=\"og:image:width\" content=\"1240\" \/>\n\t<meta property=\"og:image:height\" content=\"1240\" \/>\n\t<meta property=\"og:image:type\" content=\"image\/jpeg\" \/>\n<meta name=\"twitter:card\" content=\"summary_large_image\" \/>\n<meta name=\"twitter:label1\" content=\"Est. reading time\" \/>\n\t<meta name=\"twitter:data1\" content=\"1 minute\" \/>\n<script type=\"application\/ld+json\" class=\"yoast-schema-graph\">{\"@context\":\"https:\\\/\\\/schema.org\",\"@graph\":[{\"@type\":\"WebPage\",\"@id\":\"https:\\\/\\\/pottopottery.com\\\/tienda-de-ceramica\\\/kit-desayuno-1\\\/\",\"url\":\"https:\\\/\\\/pottopottery.com\\\/tienda-de-ceramica\\\/kit-desayuno-1\\\/\",\"name\":\"Breakfast Kit | June 22nd &#8212; Potto Pottery\",\"isPartOf\":{\"@id\":\"https:\\\/\\\/pottopottery.com\\\/#website\"},\"primaryImageOfPage\":{\"@id\":\"https:\\\/\\\/pottopottery.com\\\/tienda-de-ceramica\\\/kit-desayuno-1\\\/#primaryimage\"},\"image\":{\"@id\":\"https:\\\/\\\/pottopottery.com\\\/tienda-de-ceramica\\\/kit-desayuno-1\\\/#primaryimage\"},\"thumbnailUrl\":\"https:\\\/\\\/pottopottery.com\\\/wp-content\\\/uploads\\\/2024\\\/03\\\/taller-de-creacion-de-una-taza-un-cuenco-y-una-cucharita-de-ceramica.jpeg\",\"datePublished\":\"2024-03-19T10:19:47+00:00\",\"dateModified\":\"2024-03-19T12:15:16+00:00\",\"breadcrumb\":{\"@id\":\"https:\\\/\\\/pottopottery.com\\\/tienda-de-ceramica\\\/kit-desayuno-1\\\/#breadcrumb\"},\"inLanguage\":\"en-US\",\"potentialAction\":[{\"@type\":\"ReadAction\",\"target\":[\"https:\\\/\\\/pottopottery.com\\\/tienda-de-ceramica\\\/kit-desayuno-1\\\/\"]}]},{\"@type\":\"ImageObject\",\"inLanguage\":\"en-US\",\"@id\":\"https:\\\/\\\/pottopottery.com\\\/tienda-de-ceramica\\\/kit-desayuno-1\\\/#primaryimage\",\"url\":\"https:\\\/\\\/pottopottery.com\\\/wp-content\\\/uploads\\\/2024\\\/03\\\/taller-de-creacion-de-una-taza-un-cuenco-y-una-cucharita-de-ceramica.jpeg\",\"contentUrl\":\"https:\\\/\\\/pottopottery.com\\\/wp-content\\\/uploads\\\/2024\\\/03\\\/taller-de-creacion-de-una-taza-un-cuenco-y-una-cucharita-de-ceramica.jpeg\",\"width\":1240,\"height\":1240,\"caption\":\"Crea y decora tu kit de desayuno\"},{\"@type\":\"BreadcrumbList\",\"@id\":\"https:\\\/\\\/pottopottery.com\\\/tienda-de-ceramica\\\/kit-desayuno-1\\\/#breadcrumb\",\"itemListElement\":[{\"@type\":\"ListItem\",\"position\":1,\"name\":\"Portada\",\"item\":\"https:\\\/\\\/pottopottery.com\\\/en\\\/\"},{\"@type\":\"ListItem\",\"position\":2,\"name\":\"Shop\",\"item\":\"https:\\\/\\\/pottopottery.com\\\/en\\\/ceramic-shop\\\/\"},{\"@type\":\"ListItem\",\"position\":3,\"name\":\"Breakfast Kit | June 22nd\"}]},{\"@type\":\"WebSite\",\"@id\":\"https:\\\/\\\/pottopottery.com\\\/#website\",\"url\":\"https:\\\/\\\/pottopottery.com\\\/\",\"name\":\"Potto Pottery\",\"description\":\"Handmade, functional and decorative ceramics\",\"publisher\":{\"@id\":\"https:\\\/\\\/pottopottery.com\\\/#organization\"},\"potentialAction\":[{\"@type\":\"SearchAction\",\"target\":{\"@type\":\"EntryPoint\",\"urlTemplate\":\"https:\\\/\\\/pottopottery.com\\\/?s={search_term_string}\"},\"query-input\":{\"@type\":\"PropertyValueSpecification\",\"valueRequired\":true,\"valueName\":\"search_term_string\"}}],\"inLanguage\":\"en-US\"},{\"@type\":\"Organization\",\"@id\":\"https:\\\/\\\/pottopottery.com\\\/#organization\",\"name\":\"Potto Pottery\",\"url\":\"https:\\\/\\\/pottopottery.com\\\/\",\"logo\":{\"@type\":\"ImageObject\",\"inLanguage\":\"en-US\",\"@id\":\"https:\\\/\\\/pottopottery.com\\\/#\\\/schema\\\/logo\\\/image\\\/\",\"url\":\"http:\\\/\\\/pottopottery.com\\\/wp-content\\\/uploads\\\/2018\\\/11\\\/potto_pottery_handmade-ceramics_basque_country.png\",\"contentUrl\":\"http:\\\/\\\/pottopottery.com\\\/wp-content\\\/uploads\\\/2018\\\/11\\\/potto_pottery_handmade-ceramics_basque_country.png\",\"width\":300,\"height\":300,\"caption\":\"Potto Pottery\"},\"image\":{\"@id\":\"https:\\\/\\\/pottopottery.com\\\/#\\\/schema\\\/logo\\\/image\\\/\"},\"sameAs\":[\"https:\\\/\\\/www.facebook.com\\\/potto.pottery\",\"https:\\\/\\\/www.instagram.com\\\/potto.pottery\\\/\"]}]}<\/script>\n<!-- \/ Yoast SEO plugin. -->","yoast_head_json":{"title":"Breakfast Kit | June 22nd &#8212; Potto Pottery","robots":{"index":"index","follow":"follow","max-snippet":"max-snippet:-1","max-image-preview":"max-image-preview:large","max-video-preview":"max-video-preview:-1"},"canonical":"https:\/\/pottopottery.com\/tienda-de-ceramica\/kit-desayuno-1\/","og_locale":"en_US","og_type":"article","og_title":"Breakfast Kit | June 22nd &#8212; Potto Pottery","og_description":"Create your breakfast set. Ana Larsson (Larsson Textil Design) invites us to her Gros studio to create with ceramics. We will hold a workshop where you will learn to make your own breakfast kit consisting of a mug, a small bowl, and a spoon. Date: June 22nd | 10:00 - 13:30","og_url":"https:\/\/pottopottery.com\/tienda-de-ceramica\/kit-desayuno-1\/","og_site_name":"Potto Pottery","article_publisher":"https:\/\/www.facebook.com\/potto.pottery","article_modified_time":"2024-03-19T12:15:16+00:00","og_image":[{"width":1240,"height":1240,"url":"https:\/\/pottopottery.com\/wp-content\/uploads\/2024\/03\/taller-de-creacion-de-una-taza-un-cuenco-y-una-cucharita-de-ceramica.jpeg","type":"image\/jpeg"}],"twitter_card":"summary_large_image","twitter_misc":{"Est. reading time":"1 minute"},"schema":{"@context":"https:\/\/schema.org","@graph":[{"@type":"WebPage","@id":"https:\/\/pottopottery.com\/tienda-de-ceramica\/kit-desayuno-1\/","url":"https:\/\/pottopottery.com\/tienda-de-ceramica\/kit-desayuno-1\/","name":"Breakfast Kit | June 22nd &#8212; Potto Pottery","isPartOf":{"@id":"https:\/\/pottopottery.com\/#website"},"primaryImageOfPage":{"@id":"https:\/\/pottopottery.com\/tienda-de-ceramica\/kit-desayuno-1\/#primaryimage"},"image":{"@id":"https:\/\/pottopottery.com\/tienda-de-ceramica\/kit-desayuno-1\/#primaryimage"},"thumbnailUrl":"https:\/\/pottopottery.com\/wp-content\/uploads\/2024\/03\/taller-de-creacion-de-una-taza-un-cuenco-y-una-cucharita-de-ceramica.jpeg","datePublished":"2024-03-19T10:19:47+00:00","dateModified":"2024-03-19T12:15:16+00:00","breadcrumb":{"@id":"https:\/\/pottopottery.com\/tienda-de-ceramica\/kit-desayuno-1\/#breadcrumb"},"inLanguage":"en-US","potentialAction":[{"@type":"ReadAction","target":["https:\/\/pottopottery.com\/tienda-de-ceramica\/kit-desayuno-1\/"]}]},{"@type":"ImageObject","inLanguage":"en-US","@id":"https:\/\/pottopottery.com\/tienda-de-ceramica\/kit-desayuno-1\/#primaryimage","url":"https:\/\/pottopottery.com\/wp-content\/uploads\/2024\/03\/taller-de-creacion-de-una-taza-un-cuenco-y-una-cucharita-de-ceramica.jpeg","contentUrl":"https:\/\/pottopottery.com\/wp-content\/uploads\/2024\/03\/taller-de-creacion-de-una-taza-un-cuenco-y-una-cucharita-de-ceramica.jpeg","width":1240,"height":1240,"caption":"Crea y decora tu kit de desayuno"},{"@type":"BreadcrumbList","@id":"https:\/\/pottopottery.com\/tienda-de-ceramica\/kit-desayuno-1\/#breadcrumb","itemListElement":[{"@type":"ListItem","position":1,"name":"Portada","item":"https:\/\/pottopottery.com\/en\/"},{"@type":"ListItem","position":2,"name":"Shop","item":"https:\/\/pottopottery.com\/en\/ceramic-shop\/"},{"@type":"ListItem","position":3,"name":"Breakfast Kit | June 22nd"}]},{"@type":"WebSite","@id":"https:\/\/pottopottery.com\/#website","url":"https:\/\/pottopottery.com\/","name":"Potto Pottery","description":"Handmade, functional and decorative ceramics","publisher":{"@id":"https:\/\/pottopottery.com\/#organization"},"potentialAction":[{"@type":"SearchAction","target":{"@type":"EntryPoint","urlTemplate":"https:\/\/pottopottery.com\/?s={search_term_string}"},"query-input":{"@type":"PropertyValueSpecification","valueRequired":true,"valueName":"search_term_string"}}],"inLanguage":"en-US"},{"@type":"Organization","@id":"https:\/\/pottopottery.com\/#organization","name":"Potto Pottery","url":"https:\/\/pottopottery.com\/","logo":{"@type":"ImageObject","inLanguage":"en-US","@id":"https:\/\/pottopottery.com\/#\/schema\/logo\/image\/","url":"http:\/\/pottopottery.com\/wp-content\/uploads\/2018\/11\/potto_pottery_handmade-ceramics_basque_country.png","contentUrl":"http:\/\/pottopottery.com\/wp-content\/uploads\/2018\/11\/potto_pottery_handmade-ceramics_basque_country.png","width":300,"height":300,"caption":"Potto Pottery"},"image":{"@id":"https:\/\/pottopottery.com\/#\/schema\/logo\/image\/"},"sameAs":["https:\/\/www.facebook.com\/potto.pottery","https:\/\/www.instagram.com\/potto.pottery\/"]}]}},"_links":{"self":[{"href":"https:\/\/pottopottery.com\/en\/wp-json\/wp\/v2\/product\/11515","targetHints":{"allow":["GET"]}}],"collection":[{"href":"https:\/\/pottopottery.com\/en\/wp-json\/wp\/v2\/product"}],"about":[{"href":"https:\/\/pottopottery.com\/en\/wp-json\/wp\/v2\/types\/product"}],"wp:featuredmedia":[{"embeddable":true,"href":"https:\/\/pottopottery.com\/en\/wp-json\/wp\/v2\/media\/11501"}],"wp:attachment":[{"href":"https:\/\/pottopottery.com\/en\/wp-json\/wp\/v2\/media?parent=11515"}],"wp:term":[{"taxonomy":"product_brand","embeddable":true,"href":"https:\/\/pottopottery.com\/en\/wp-json\/wp\/v2\/product_brand?post=11515"},{"taxonomy":"product_cat","embeddable":true,"href":"https:\/\/pottopottery.com\/en\/wp-json\/wp\/v2\/product_cat?post=11515"},{"taxonomy":"product_tag","embeddable":true,"href":"https:\/\/pottopottery.com\/en\/wp-json\/wp\/v2\/product_tag?post=11515"}],"curies":[{"name":"wp","href":"https:\/\/api.w.org\/{rel}","templated":true}]}}