{"id":10958,"date":"2023-01-28T22:00:17","date_gmt":"2023-04-04T11:32:19","guid":{"rendered":"http:\/\/pottopottery.com\/tienda-de-ceramica\/for-each-other\/"},"modified":"2023-11-26T18:00:40","modified_gmt":"2023-11-26T18:00:40","slug":"the-one-for-the-other","status":"publish","type":"product","link":"https:\/\/pottopottery.com\/en\/tienda-de-ceramica\/the-one-for-the-other\/","title":{"rendered":"For each other"},"content":{"rendered":"<p>Enameled terracotta work and rusted iron bar.<br \/>\nThis work belongs to the <em>Relaciones Ro\u00f1osas<\/em>Collection <em><br \/>\nby Eguzki\u00f1e Ega\u00f1a Corta.<\/em><\/p>\n","protected":false},"excerpt":{"rendered":"<p class=\"descripcion-obra\"><strong>Name of the work:<\/strong> El uno para el otro<br \/>\n<strong>Collection:<\/strong> Reddish Relationships<br \/>\n<strong>Author:<\/strong> Eguzki\u00f1e Ega\u00f1a Corta<br \/>\n<strong>Date:<\/strong> 2022<br \/>\n<strong>Material:<\/strong> Enameled terracotta and oxidized iron bar.<\/p>\n","protected":false},"featured_media":10848,"template":"","meta":{"_et_pb_use_builder":"","_et_pb_old_content":"","_et_gb_content_width":""},"product_brand":[],"product_cat":[119,106],"product_tag":[],"class_list":{"0":"post-10958","1":"product","2":"type-product","3":"status-publish","4":"has-post-thumbnail","6":"product_cat-artistic-ceramics","7":"product_cat-in-stock","9":"first","10":"instock","11":"taxable","12":"shipping-taxable","13":"purchasable","14":"product-type-simple"},"yoast_head":"<!-- This site is optimized with the Yoast SEO plugin v27.3 - https:\/\/yoast.com\/product\/yoast-seo-wordpress\/ -->\n<title>For each other &#8212; Potto Pottery<\/title>\n<meta name=\"description\" content=\"Enameled terracotta work and rusted iron bar. This work belongs to the Relaciones Ro\u00f1osas Collection by Eguzki\u00f1e Ega\u00f1a Corta.\" \/>\n<meta name=\"robots\" content=\"index, follow, max-snippet:-1, max-image-preview:large, max-video-preview:-1\" \/>\n<link rel=\"canonical\" href=\"https:\/\/pottopottery.com\/tienda-de-ceramica\/el-uno-para-el-otro\/\" \/>\n<meta property=\"og:locale\" content=\"en_US\" \/>\n<meta property=\"og:type\" content=\"article\" \/>\n<meta property=\"og:title\" content=\"For each other &#8212; Potto Pottery\" \/>\n<meta property=\"og:description\" content=\"Enameled terracotta work and rusted iron bar. This work belongs to the Relaciones Ro\u00f1osas Collection by Eguzki\u00f1e Ega\u00f1a Corta.\" \/>\n<meta property=\"og:url\" content=\"https:\/\/pottopottery.com\/tienda-de-ceramica\/el-uno-para-el-otro\/\" \/>\n<meta property=\"og:site_name\" content=\"Potto Pottery\" \/>\n<meta property=\"article:publisher\" content=\"https:\/\/www.facebook.com\/potto.pottery\" \/>\n<meta property=\"article:modified_time\" content=\"2023-11-26T18:00:40+00:00\" \/>\n<meta property=\"og:image\" content=\"https:\/\/pottopottery.com\/wp-content\/uploads\/2023\/01\/el-uno-para-el-otro-detalle-obra-de-ceramica-contemporanea-by-eguzkine-egana-corta.jpg\" \/>\n\t<meta property=\"og:image:width\" content=\"1980\" \/>\n\t<meta property=\"og:image:height\" content=\"1912\" \/>\n\t<meta property=\"og:image:type\" content=\"image\/jpeg\" \/>\n<meta name=\"twitter:card\" content=\"summary_large_image\" \/>\n<meta name=\"twitter:label1\" content=\"Est. reading time\" \/>\n\t<meta name=\"twitter:data1\" content=\"1 minute\" \/>\n<script type=\"application\/ld+json\" class=\"yoast-schema-graph\">{\"@context\":\"https:\\\/\\\/schema.org\",\"@graph\":[{\"@type\":\"WebPage\",\"@id\":\"https:\\\/\\\/pottopottery.com\\\/tienda-de-ceramica\\\/el-uno-para-el-otro\\\/\",\"url\":\"https:\\\/\\\/pottopottery.com\\\/tienda-de-ceramica\\\/el-uno-para-el-otro\\\/\",\"name\":\"For each other &#8212; Potto Pottery\",\"isPartOf\":{\"@id\":\"https:\\\/\\\/pottopottery.com\\\/#website\"},\"primaryImageOfPage\":{\"@id\":\"https:\\\/\\\/pottopottery.com\\\/tienda-de-ceramica\\\/el-uno-para-el-otro\\\/#primaryimage\"},\"image\":{\"@id\":\"https:\\\/\\\/pottopottery.com\\\/tienda-de-ceramica\\\/el-uno-para-el-otro\\\/#primaryimage\"},\"thumbnailUrl\":\"https:\\\/\\\/pottopottery.com\\\/wp-content\\\/uploads\\\/2023\\\/01\\\/el-uno-para-el-otro-detalle-obra-de-ceramica-contemporanea-by-eguzkine-egana-corta.jpg\",\"datePublished\":\"2023-04-04T11:32:19+00:00\",\"dateModified\":\"2023-11-26T18:00:40+00:00\",\"description\":\"Enameled terracotta work and rusted iron bar. This work belongs to the Relaciones Ro\u00f1osas Collection by Eguzki\u00f1e Ega\u00f1a Corta.\",\"breadcrumb\":{\"@id\":\"https:\\\/\\\/pottopottery.com\\\/tienda-de-ceramica\\\/el-uno-para-el-otro\\\/#breadcrumb\"},\"inLanguage\":\"en-US\",\"potentialAction\":[{\"@type\":\"ReadAction\",\"target\":[\"https:\\\/\\\/pottopottery.com\\\/tienda-de-ceramica\\\/el-uno-para-el-otro\\\/\"]}]},{\"@type\":\"ImageObject\",\"inLanguage\":\"en-US\",\"@id\":\"https:\\\/\\\/pottopottery.com\\\/tienda-de-ceramica\\\/el-uno-para-el-otro\\\/#primaryimage\",\"url\":\"https:\\\/\\\/pottopottery.com\\\/wp-content\\\/uploads\\\/2023\\\/01\\\/el-uno-para-el-otro-detalle-obra-de-ceramica-contemporanea-by-eguzkine-egana-corta.jpg\",\"contentUrl\":\"https:\\\/\\\/pottopottery.com\\\/wp-content\\\/uploads\\\/2023\\\/01\\\/el-uno-para-el-otro-detalle-obra-de-ceramica-contemporanea-by-eguzkine-egana-corta.jpg\",\"width\":1980,\"height\":1912,\"caption\":\"For each other\"},{\"@type\":\"BreadcrumbList\",\"@id\":\"https:\\\/\\\/pottopottery.com\\\/tienda-de-ceramica\\\/el-uno-para-el-otro\\\/#breadcrumb\",\"itemListElement\":[{\"@type\":\"ListItem\",\"position\":1,\"name\":\"Portada\",\"item\":\"https:\\\/\\\/pottopottery.com\\\/en\\\/\"},{\"@type\":\"ListItem\",\"position\":2,\"name\":\"Shop\",\"item\":\"https:\\\/\\\/pottopottery.com\\\/en\\\/ceramic-shop\\\/\"},{\"@type\":\"ListItem\",\"position\":3,\"name\":\"For each other\"}]},{\"@type\":\"WebSite\",\"@id\":\"https:\\\/\\\/pottopottery.com\\\/#website\",\"url\":\"https:\\\/\\\/pottopottery.com\\\/\",\"name\":\"Potto Pottery\",\"description\":\"Handmade, functional and decorative ceramics\",\"publisher\":{\"@id\":\"https:\\\/\\\/pottopottery.com\\\/#organization\"},\"potentialAction\":[{\"@type\":\"SearchAction\",\"target\":{\"@type\":\"EntryPoint\",\"urlTemplate\":\"https:\\\/\\\/pottopottery.com\\\/?s={search_term_string}\"},\"query-input\":{\"@type\":\"PropertyValueSpecification\",\"valueRequired\":true,\"valueName\":\"search_term_string\"}}],\"inLanguage\":\"en-US\"},{\"@type\":\"Organization\",\"@id\":\"https:\\\/\\\/pottopottery.com\\\/#organization\",\"name\":\"Potto Pottery\",\"url\":\"https:\\\/\\\/pottopottery.com\\\/\",\"logo\":{\"@type\":\"ImageObject\",\"inLanguage\":\"en-US\",\"@id\":\"https:\\\/\\\/pottopottery.com\\\/#\\\/schema\\\/logo\\\/image\\\/\",\"url\":\"http:\\\/\\\/pottopottery.com\\\/wp-content\\\/uploads\\\/2018\\\/11\\\/potto_pottery_handmade-ceramics_basque_country.png\",\"contentUrl\":\"http:\\\/\\\/pottopottery.com\\\/wp-content\\\/uploads\\\/2018\\\/11\\\/potto_pottery_handmade-ceramics_basque_country.png\",\"width\":300,\"height\":300,\"caption\":\"Potto Pottery\"},\"image\":{\"@id\":\"https:\\\/\\\/pottopottery.com\\\/#\\\/schema\\\/logo\\\/image\\\/\"},\"sameAs\":[\"https:\\\/\\\/www.facebook.com\\\/potto.pottery\",\"https:\\\/\\\/www.instagram.com\\\/potto.pottery\\\/\"]}]}<\/script>\n<!-- \/ Yoast SEO plugin. -->","yoast_head_json":{"title":"For each other &#8212; Potto Pottery","description":"Enameled terracotta work and rusted iron bar. This work belongs to the Relaciones Ro\u00f1osas Collection by Eguzki\u00f1e Ega\u00f1a Corta.","robots":{"index":"index","follow":"follow","max-snippet":"max-snippet:-1","max-image-preview":"max-image-preview:large","max-video-preview":"max-video-preview:-1"},"canonical":"https:\/\/pottopottery.com\/tienda-de-ceramica\/el-uno-para-el-otro\/","og_locale":"en_US","og_type":"article","og_title":"For each other &#8212; Potto Pottery","og_description":"Enameled terracotta work and rusted iron bar. This work belongs to the Relaciones Ro\u00f1osas Collection by Eguzki\u00f1e Ega\u00f1a Corta.","og_url":"https:\/\/pottopottery.com\/tienda-de-ceramica\/el-uno-para-el-otro\/","og_site_name":"Potto Pottery","article_publisher":"https:\/\/www.facebook.com\/potto.pottery","article_modified_time":"2023-11-26T18:00:40+00:00","og_image":[{"width":1980,"height":1912,"url":"https:\/\/pottopottery.com\/wp-content\/uploads\/2023\/01\/el-uno-para-el-otro-detalle-obra-de-ceramica-contemporanea-by-eguzkine-egana-corta.jpg","type":"image\/jpeg"}],"twitter_card":"summary_large_image","twitter_misc":{"Est. reading time":"1 minute"},"schema":{"@context":"https:\/\/schema.org","@graph":[{"@type":"WebPage","@id":"https:\/\/pottopottery.com\/tienda-de-ceramica\/el-uno-para-el-otro\/","url":"https:\/\/pottopottery.com\/tienda-de-ceramica\/el-uno-para-el-otro\/","name":"For each other &#8212; Potto Pottery","isPartOf":{"@id":"https:\/\/pottopottery.com\/#website"},"primaryImageOfPage":{"@id":"https:\/\/pottopottery.com\/tienda-de-ceramica\/el-uno-para-el-otro\/#primaryimage"},"image":{"@id":"https:\/\/pottopottery.com\/tienda-de-ceramica\/el-uno-para-el-otro\/#primaryimage"},"thumbnailUrl":"https:\/\/pottopottery.com\/wp-content\/uploads\/2023\/01\/el-uno-para-el-otro-detalle-obra-de-ceramica-contemporanea-by-eguzkine-egana-corta.jpg","datePublished":"2023-04-04T11:32:19+00:00","dateModified":"2023-11-26T18:00:40+00:00","description":"Enameled terracotta work and rusted iron bar. This work belongs to the Relaciones Ro\u00f1osas Collection by Eguzki\u00f1e Ega\u00f1a Corta.","breadcrumb":{"@id":"https:\/\/pottopottery.com\/tienda-de-ceramica\/el-uno-para-el-otro\/#breadcrumb"},"inLanguage":"en-US","potentialAction":[{"@type":"ReadAction","target":["https:\/\/pottopottery.com\/tienda-de-ceramica\/el-uno-para-el-otro\/"]}]},{"@type":"ImageObject","inLanguage":"en-US","@id":"https:\/\/pottopottery.com\/tienda-de-ceramica\/el-uno-para-el-otro\/#primaryimage","url":"https:\/\/pottopottery.com\/wp-content\/uploads\/2023\/01\/el-uno-para-el-otro-detalle-obra-de-ceramica-contemporanea-by-eguzkine-egana-corta.jpg","contentUrl":"https:\/\/pottopottery.com\/wp-content\/uploads\/2023\/01\/el-uno-para-el-otro-detalle-obra-de-ceramica-contemporanea-by-eguzkine-egana-corta.jpg","width":1980,"height":1912,"caption":"For each other"},{"@type":"BreadcrumbList","@id":"https:\/\/pottopottery.com\/tienda-de-ceramica\/el-uno-para-el-otro\/#breadcrumb","itemListElement":[{"@type":"ListItem","position":1,"name":"Portada","item":"https:\/\/pottopottery.com\/en\/"},{"@type":"ListItem","position":2,"name":"Shop","item":"https:\/\/pottopottery.com\/en\/ceramic-shop\/"},{"@type":"ListItem","position":3,"name":"For each other"}]},{"@type":"WebSite","@id":"https:\/\/pottopottery.com\/#website","url":"https:\/\/pottopottery.com\/","name":"Potto Pottery","description":"Handmade, functional and decorative ceramics","publisher":{"@id":"https:\/\/pottopottery.com\/#organization"},"potentialAction":[{"@type":"SearchAction","target":{"@type":"EntryPoint","urlTemplate":"https:\/\/pottopottery.com\/?s={search_term_string}"},"query-input":{"@type":"PropertyValueSpecification","valueRequired":true,"valueName":"search_term_string"}}],"inLanguage":"en-US"},{"@type":"Organization","@id":"https:\/\/pottopottery.com\/#organization","name":"Potto Pottery","url":"https:\/\/pottopottery.com\/","logo":{"@type":"ImageObject","inLanguage":"en-US","@id":"https:\/\/pottopottery.com\/#\/schema\/logo\/image\/","url":"http:\/\/pottopottery.com\/wp-content\/uploads\/2018\/11\/potto_pottery_handmade-ceramics_basque_country.png","contentUrl":"http:\/\/pottopottery.com\/wp-content\/uploads\/2018\/11\/potto_pottery_handmade-ceramics_basque_country.png","width":300,"height":300,"caption":"Potto Pottery"},"image":{"@id":"https:\/\/pottopottery.com\/#\/schema\/logo\/image\/"},"sameAs":["https:\/\/www.facebook.com\/potto.pottery","https:\/\/www.instagram.com\/potto.pottery\/"]}]}},"_links":{"self":[{"href":"https:\/\/pottopottery.com\/en\/wp-json\/wp\/v2\/product\/10958","targetHints":{"allow":["GET"]}}],"collection":[{"href":"https:\/\/pottopottery.com\/en\/wp-json\/wp\/v2\/product"}],"about":[{"href":"https:\/\/pottopottery.com\/en\/wp-json\/wp\/v2\/types\/product"}],"wp:featuredmedia":[{"embeddable":true,"href":"https:\/\/pottopottery.com\/en\/wp-json\/wp\/v2\/media\/10848"}],"wp:attachment":[{"href":"https:\/\/pottopottery.com\/en\/wp-json\/wp\/v2\/media?parent=10958"}],"wp:term":[{"taxonomy":"product_brand","embeddable":true,"href":"https:\/\/pottopottery.com\/en\/wp-json\/wp\/v2\/product_brand?post=10958"},{"taxonomy":"product_cat","embeddable":true,"href":"https:\/\/pottopottery.com\/en\/wp-json\/wp\/v2\/product_cat?post=10958"},{"taxonomy":"product_tag","embeddable":true,"href":"https:\/\/pottopottery.com\/en\/wp-json\/wp\/v2\/product_tag?post=10958"}],"curies":[{"name":"wp","href":"https:\/\/api.w.org\/{rel}","templated":true}]}}