{"id":10984,"date":"2023-04-04T13:08:34","date_gmt":"2023-04-04T13:08:34","guid":{"rendered":"http:\/\/pottopottery.com\/decorative-ceramics\/cups-and-mugs\/"},"modified":"2026-04-14T12:16:59","modified_gmt":"2026-04-14T12:16:59","slug":"cups-and-mugs","status":"publish","type":"page","link":"https:\/\/pottopottery.com\/en\/decorative-ceramics\/cups-and-mugs\/","title":{"rendered":"Cups and mugs"},"content":{"rendered":"<p>[et_pb_section fb_built=&#8221;1&#8243; _builder_version=&#8221;4.27.6&#8243; background_color=&#8221;#FAFAF8&#8243; custom_margin=&#8221;||||false|false&#8221; hover_enabled=&#8221;0&#8243; locked=&#8221;off&#8221; collapsed=&#8221;off&#8221; global_colors_info=&#8221;{}&#8221; sticky_enabled=&#8221;0&#8243;][et_pb_row _builder_version=&#8221;4.27.6&#8243; _module_preset=&#8221;default&#8221; custom_margin=&#8221;||0px||false|false&#8221; custom_padding=&#8221;||0px||false|false&#8221; hover_enabled=&#8221;0&#8243; global_colors_info=&#8221;{}&#8221; sticky_enabled=&#8221;0&#8243;][et_pb_column type=&#8221;4_4&#8243; _builder_version=&#8221;4.19.4&#8243; _module_preset=&#8221;default&#8221; global_colors_info=&#8221;{}&#8221;][et_pb_text admin_label=&#8221;Texto peque\u00f1o mayuscula&#8221; _builder_version=&#8221;4.19.4&#8243; text_font=&#8221;||||||||&#8221; text_font_size=&#8221;10px&#8221; text_letter_spacing=&#8221;4px&#8221; text_line_height=&#8221;12px&#8221; header_font=&#8221;Alice||||||||&#8221; header_2_font=&#8221;Alice||||||||&#8221; text_font_size_tablet=&#8221;&#8221; text_font_size_phone=&#8221;&#8221; text_font_size_last_edited=&#8221;on|phone&#8221; text_letter_spacing_tablet=&#8221;&#8221; text_letter_spacing_phone=&#8221;&#8221; text_letter_spacing_last_edited=&#8221;on|desktop&#8221; saved_tabs=&#8221;all&#8221; locked=&#8221;off&#8221; global_colors_info=&#8221;{}&#8221;]<\/p>\n<p><a href=\"https:\/\/pottopottery.com\/en\/functional-ceramics\/\">FUNCTIONAL CERAMICS<\/a><\/p>\n<p>[\/et_pb_text][et_pb_text admin_label=&#8221;Titulo H1 oscuro&#8221; _builder_version=&#8221;4.27.6&#8243; text_font=&#8221;||||||||&#8221; text_font_size=&#8221;18px&#8221; header_font=&#8221;|300|||||||&#8221; header_text_align=&#8221;left&#8221; header_text_color=&#8221;#FF565F&#8221; header_2_font=&#8221;Poppins|600|||||||&#8221; header_2_font_size=&#8221;36px&#8221; header_2_line_height=&#8221;1.2em&#8221; animation_style=&#8221;fade&#8221; hover_enabled=&#8221;0&#8243; header_font_size_tablet=&#8221;40px&#8221; header_font_size_phone=&#8221;36px&#8221; header_font_size_last_edited=&#8221;on|phone&#8221; header_2_font_size_tablet=&#8221;&#8221; header_2_font_size_phone=&#8221;32px&#8221; header_2_font_size_last_edited=&#8221;on|phone&#8221; saved_tabs=&#8221;all&#8221; locked=&#8221;off&#8221; global_colors_info=&#8221;{}&#8221; sticky_enabled=&#8221;0&#8243;]<\/p>\n<h1>Cups and mugs<\/h1>\n<p>[\/et_pb_text][et_pb_divider color=&#8221;#FF565F&#8221; divider_weight=&#8221;1px&#8221; admin_label=&#8221;Separador largo rojo&#8221; _builder_version=&#8221;4.27.6&#8243; max_width=&#8221;100%&#8221; custom_margin=&#8221;0px||20px||false|false&#8221; animation_direction=&#8221;top&#8221; global_module=&#8221;7919&#8243; saved_tabs=&#8221;all&#8221; locked=&#8221;off&#8221; global_colors_info=&#8221;{}&#8221;][\/et_pb_divider][\/et_pb_column][\/et_pb_row][\/et_pb_section][et_pb_section fb_built=&#8221;1&#8243; admin_label=&#8221;Get In Touch Section&#8221; _builder_version=&#8221;4.16&#8243; background_color=&#8221;#2f373e&#8221; use_background_color_gradient=&#8221;on&#8221; background_color_gradient_direction=&#8221;90deg&#8221; background_color_gradient_stops=&#8221;#FFFFFF 50%|rgba(255,255,255,0) 50%&#8221; background_color_gradient_start=&#8221;#FFFFFF&#8221; background_color_gradient_start_position=&#8221;50%&#8221; background_color_gradient_end=&#8221;rgba(255,255,255,0)&#8221; background_color_gradient_end_position=&#8221;50%&#8221; background_image=&#8221;https:\/\/pottopottery.com\/wp-content\/uploads\/2020\/03\/fondo-hojas-2.png&#8221; background_size=&#8221;initial&#8221; background_position=&#8221;top_right&#8221; custom_margin=&#8221;0px||0px||false|false&#8221; custom_padding=&#8221;0px||0px||false|false&#8221; locked=&#8221;off&#8221; global_colors_info=&#8221;{}&#8221;][et_pb_row column_structure=&#8221;3_5,2_5&#8243; use_custom_gutter=&#8221;on&#8221; gutter_width=&#8221;1&#8243; make_equal=&#8221;on&#8221; admin_label=&#8221;Get In Touch Area&#8221; _builder_version=&#8221;4.16&#8243; width=&#8221;1080px&#8221; max_width=&#8221;100%&#8221; custom_margin=&#8221;0px||0px||false|false&#8221; custom_padding=&#8221;0px||0px||false|false&#8221; global_colors_info=&#8221;{}&#8221;][et_pb_column type=&#8221;3_5&#8243; _builder_version=&#8221;4.16&#8243; background_color=&#8221;#FFFFFF&#8221; custom_padding=&#8221;60px|40px|60px|40px|false|false&#8221; global_colors_info=&#8221;{}&#8221; custom_padding__hover=&#8221;|||&#8221;][et_pb_text _builder_version=&#8221;4.19.4&#8243; custom_margin=&#8221;||40px||false|false&#8221; global_colors_info=&#8221;{}&#8221;]<\/p>\n<p>We are working to have a clear and easy to navigate website. This section will soon be available. En ella podr\u00e1s encontrar<strong> tazas y tazones de cer\u00e1mica artesanal<\/strong><br \/>Si deseas puedes suscribirte a nuestro bolet\u00edn para enterarte de cuando estar\u00e1 la web completamente operativa. Tambi\u00e9n publicaremos nuevos productos y ofertas especiales.<br \/>Te prometemos que no seremos pesados y que puedes darte de baja cuando quieras.<br \/>Muchas gracias y perdona las molestias.<\/p>\n<p>[\/et_pb_text][et_pb_button button_url=&#8221;http:\/\/eepurl.com\/dy7o8P&#8221; button_text=&#8221;Yes, sign me up!&#8221; _builder_version=&#8221;4.27.6&#8243; hover_enabled=&#8221;0&#8243; global_colors_info=&#8221;{}&#8221; custom_button=&#8221;off&#8221; background_layout=&#8221;light&#8221; sticky_enabled=&#8221;0&#8243;][\/et_pb_button][\/et_pb_column][et_pb_column type=&#8221;2_5&#8243; _builder_version=&#8221;4.16&#8243; background_color=&#8221;#132f38&#8243; background_enable_color=&#8221;off&#8221; background_enable_image=&#8221;off&#8221; custom_padding=&#8221;|||&#8221; global_colors_info=&#8221;{}&#8221; custom_padding__hover=&#8221;|||&#8221;][\/et_pb_column][\/et_pb_row][\/et_pb_section]<\/p>\n","protected":false},"excerpt":{"rendered":"<p>FUNCTIONAL CERAMICSCups and mugsWe are working to have a clear and easy to navigate website. This section will soon be available. En ella podr\u00e1s encontrar tazas y tazones de cer\u00e1mica artesanalSi deseas puedes suscribirte a nuestro bolet\u00edn para enterarte de cuando estar\u00e1 la web completamente operativa. Tambi\u00e9n publicaremos nuevos productos y ofertas especiales.Te prometemos que [&hellip;]<\/p>\n","protected":false},"author":1,"featured_media":0,"parent":10928,"menu_order":0,"comment_status":"closed","ping_status":"closed","template":"","meta":{"_et_pb_use_builder":"on","_et_pb_old_content":"","_et_gb_content_width":"","footnotes":""},"class_list":["post-10984","page","type-page","status-publish","hentry"],"yoast_head":"<!-- This site is optimized with the Yoast SEO plugin v27.5 - https:\/\/yoast.com\/product\/yoast-seo-wordpress\/ -->\n<title>Cups and mugs &#8212; Potto Pottery<\/title>\n<meta name=\"robots\" content=\"index, follow, max-snippet:-1, max-image-preview:large, max-video-preview:-1\" \/>\n<link rel=\"canonical\" href=\"https:\/\/pottopottery.com\/en\/decorative-ceramics\/cups-and-mugs\/\" \/>\n<meta property=\"og:locale\" content=\"en_US\" \/>\n<meta property=\"og:type\" content=\"article\" \/>\n<meta property=\"og:title\" content=\"Cups and mugs &#8212; Potto Pottery\" \/>\n<meta property=\"og:description\" content=\"FUNCTIONAL CERAMICSCups and mugsWe are working to have a clear and easy to navigate website. This section will soon be available. En ella podr\u00e1s encontrar tazas y tazones de cer\u00e1mica artesanalSi deseas puedes suscribirte a nuestro bolet\u00edn para enterarte de cuando estar\u00e1 la web completamente operativa. Tambi\u00e9n publicaremos nuevos productos y ofertas especiales.Te prometemos que [&hellip;]\" \/>\n<meta property=\"og:url\" content=\"https:\/\/pottopottery.com\/en\/decorative-ceramics\/cups-and-mugs\/\" \/>\n<meta property=\"og:site_name\" content=\"Potto Pottery\" \/>\n<meta property=\"article:publisher\" content=\"https:\/\/www.facebook.com\/potto.pottery\" \/>\n<meta property=\"article:modified_time\" content=\"2026-04-14T12:16:59+00:00\" \/>\n<meta name=\"twitter:card\" content=\"summary_large_image\" \/>\n<meta name=\"twitter:label1\" content=\"Est. reading time\" \/>\n\t<meta name=\"twitter:data1\" content=\"3 minutes\" \/>\n<script type=\"application\/ld+json\" class=\"yoast-schema-graph\">{\"@context\":\"https:\\\/\\\/schema.org\",\"@graph\":[{\"@type\":\"WebPage\",\"@id\":\"https:\\\/\\\/pottopottery.com\\\/en\\\/decorative-ceramics\\\/cups-and-mugs\\\/\",\"url\":\"https:\\\/\\\/pottopottery.com\\\/en\\\/decorative-ceramics\\\/cups-and-mugs\\\/\",\"name\":\"Cups and mugs &#8212; Potto Pottery\",\"isPartOf\":{\"@id\":\"https:\\\/\\\/pottopottery.com\\\/#website\"},\"datePublished\":\"2023-04-04T13:08:34+00:00\",\"dateModified\":\"2026-04-14T12:16:59+00:00\",\"breadcrumb\":{\"@id\":\"https:\\\/\\\/pottopottery.com\\\/en\\\/decorative-ceramics\\\/cups-and-mugs\\\/#breadcrumb\"},\"inLanguage\":\"en-US\",\"potentialAction\":[{\"@type\":\"ReadAction\",\"target\":[\"https:\\\/\\\/pottopottery.com\\\/en\\\/decorative-ceramics\\\/cups-and-mugs\\\/\"]}]},{\"@type\":\"BreadcrumbList\",\"@id\":\"https:\\\/\\\/pottopottery.com\\\/en\\\/decorative-ceramics\\\/cups-and-mugs\\\/#breadcrumb\",\"itemListElement\":[{\"@type\":\"ListItem\",\"position\":1,\"name\":\"Portada\",\"item\":\"https:\\\/\\\/pottopottery.com\\\/en\\\/\"},{\"@type\":\"ListItem\",\"position\":2,\"name\":\"Decorative ceramics\",\"item\":\"https:\\\/\\\/pottopottery.com\\\/en\\\/decorative-ceramics\\\/\"},{\"@type\":\"ListItem\",\"position\":3,\"name\":\"Cups and mugs\"}]},{\"@type\":\"WebSite\",\"@id\":\"https:\\\/\\\/pottopottery.com\\\/#website\",\"url\":\"https:\\\/\\\/pottopottery.com\\\/\",\"name\":\"Potto Pottery\",\"description\":\"Handmade, functional and decorative ceramics\",\"publisher\":{\"@id\":\"https:\\\/\\\/pottopottery.com\\\/#organization\"},\"potentialAction\":[{\"@type\":\"SearchAction\",\"target\":{\"@type\":\"EntryPoint\",\"urlTemplate\":\"https:\\\/\\\/pottopottery.com\\\/?s={search_term_string}\"},\"query-input\":{\"@type\":\"PropertyValueSpecification\",\"valueRequired\":true,\"valueName\":\"search_term_string\"}}],\"inLanguage\":\"en-US\"},{\"@type\":\"Organization\",\"@id\":\"https:\\\/\\\/pottopottery.com\\\/#organization\",\"name\":\"Potto Pottery\",\"url\":\"https:\\\/\\\/pottopottery.com\\\/\",\"logo\":{\"@type\":\"ImageObject\",\"inLanguage\":\"en-US\",\"@id\":\"https:\\\/\\\/pottopottery.com\\\/#\\\/schema\\\/logo\\\/image\\\/\",\"url\":\"http:\\\/\\\/pottopottery.com\\\/wp-content\\\/uploads\\\/2018\\\/11\\\/potto_pottery_handmade-ceramics_basque_country.png\",\"contentUrl\":\"http:\\\/\\\/pottopottery.com\\\/wp-content\\\/uploads\\\/2018\\\/11\\\/potto_pottery_handmade-ceramics_basque_country.png\",\"width\":300,\"height\":300,\"caption\":\"Potto Pottery\"},\"image\":{\"@id\":\"https:\\\/\\\/pottopottery.com\\\/#\\\/schema\\\/logo\\\/image\\\/\"},\"sameAs\":[\"https:\\\/\\\/www.facebook.com\\\/potto.pottery\",\"https:\\\/\\\/www.instagram.com\\\/potto.pottery\\\/\"]}]}<\/script>\n<!-- \/ Yoast SEO plugin. -->","yoast_head_json":{"title":"Cups and mugs &#8212; Potto Pottery","robots":{"index":"index","follow":"follow","max-snippet":"max-snippet:-1","max-image-preview":"max-image-preview:large","max-video-preview":"max-video-preview:-1"},"canonical":"https:\/\/pottopottery.com\/en\/decorative-ceramics\/cups-and-mugs\/","og_locale":"en_US","og_type":"article","og_title":"Cups and mugs &#8212; Potto Pottery","og_description":"FUNCTIONAL CERAMICSCups and mugsWe are working to have a clear and easy to navigate website. This section will soon be available. En ella podr\u00e1s encontrar tazas y tazones de cer\u00e1mica artesanalSi deseas puedes suscribirte a nuestro bolet\u00edn para enterarte de cuando estar\u00e1 la web completamente operativa. Tambi\u00e9n publicaremos nuevos productos y ofertas especiales.Te prometemos que [&hellip;]","og_url":"https:\/\/pottopottery.com\/en\/decorative-ceramics\/cups-and-mugs\/","og_site_name":"Potto Pottery","article_publisher":"https:\/\/www.facebook.com\/potto.pottery","article_modified_time":"2026-04-14T12:16:59+00:00","twitter_card":"summary_large_image","twitter_misc":{"Est. reading time":"3 minutes"},"schema":{"@context":"https:\/\/schema.org","@graph":[{"@type":"WebPage","@id":"https:\/\/pottopottery.com\/en\/decorative-ceramics\/cups-and-mugs\/","url":"https:\/\/pottopottery.com\/en\/decorative-ceramics\/cups-and-mugs\/","name":"Cups and mugs &#8212; Potto Pottery","isPartOf":{"@id":"https:\/\/pottopottery.com\/#website"},"datePublished":"2023-04-04T13:08:34+00:00","dateModified":"2026-04-14T12:16:59+00:00","breadcrumb":{"@id":"https:\/\/pottopottery.com\/en\/decorative-ceramics\/cups-and-mugs\/#breadcrumb"},"inLanguage":"en-US","potentialAction":[{"@type":"ReadAction","target":["https:\/\/pottopottery.com\/en\/decorative-ceramics\/cups-and-mugs\/"]}]},{"@type":"BreadcrumbList","@id":"https:\/\/pottopottery.com\/en\/decorative-ceramics\/cups-and-mugs\/#breadcrumb","itemListElement":[{"@type":"ListItem","position":1,"name":"Portada","item":"https:\/\/pottopottery.com\/en\/"},{"@type":"ListItem","position":2,"name":"Decorative ceramics","item":"https:\/\/pottopottery.com\/en\/decorative-ceramics\/"},{"@type":"ListItem","position":3,"name":"Cups and mugs"}]},{"@type":"WebSite","@id":"https:\/\/pottopottery.com\/#website","url":"https:\/\/pottopottery.com\/","name":"Potto Pottery","description":"Handmade, functional and decorative ceramics","publisher":{"@id":"https:\/\/pottopottery.com\/#organization"},"potentialAction":[{"@type":"SearchAction","target":{"@type":"EntryPoint","urlTemplate":"https:\/\/pottopottery.com\/?s={search_term_string}"},"query-input":{"@type":"PropertyValueSpecification","valueRequired":true,"valueName":"search_term_string"}}],"inLanguage":"en-US"},{"@type":"Organization","@id":"https:\/\/pottopottery.com\/#organization","name":"Potto Pottery","url":"https:\/\/pottopottery.com\/","logo":{"@type":"ImageObject","inLanguage":"en-US","@id":"https:\/\/pottopottery.com\/#\/schema\/logo\/image\/","url":"http:\/\/pottopottery.com\/wp-content\/uploads\/2018\/11\/potto_pottery_handmade-ceramics_basque_country.png","contentUrl":"http:\/\/pottopottery.com\/wp-content\/uploads\/2018\/11\/potto_pottery_handmade-ceramics_basque_country.png","width":300,"height":300,"caption":"Potto Pottery"},"image":{"@id":"https:\/\/pottopottery.com\/#\/schema\/logo\/image\/"},"sameAs":["https:\/\/www.facebook.com\/potto.pottery","https:\/\/www.instagram.com\/potto.pottery\/"]}]}},"_links":{"self":[{"href":"https:\/\/pottopottery.com\/en\/wp-json\/wp\/v2\/pages\/10984","targetHints":{"allow":["GET"]}}],"collection":[{"href":"https:\/\/pottopottery.com\/en\/wp-json\/wp\/v2\/pages"}],"about":[{"href":"https:\/\/pottopottery.com\/en\/wp-json\/wp\/v2\/types\/page"}],"author":[{"embeddable":true,"href":"https:\/\/pottopottery.com\/en\/wp-json\/wp\/v2\/users\/1"}],"replies":[{"embeddable":true,"href":"https:\/\/pottopottery.com\/en\/wp-json\/wp\/v2\/comments?post=10984"}],"version-history":[{"count":4,"href":"https:\/\/pottopottery.com\/en\/wp-json\/wp\/v2\/pages\/10984\/revisions"}],"predecessor-version":[{"id":12472,"href":"https:\/\/pottopottery.com\/en\/wp-json\/wp\/v2\/pages\/10984\/revisions\/12472"}],"up":[{"embeddable":true,"href":"https:\/\/pottopottery.com\/en\/wp-json\/wp\/v2\/pages\/10928"}],"wp:attachment":[{"href":"https:\/\/pottopottery.com\/en\/wp-json\/wp\/v2\/media?parent=10984"}],"curies":[{"name":"wp","href":"https:\/\/api.w.org\/{rel}","templated":true}]}}